{"id":388,"date":"2019-08-22T12:31:13","date_gmt":"2019-08-22T10:31:13","guid":{"rendered":"https:\/\/bestinclassexperience.com\/?page_id=388"},"modified":"2020-03-13T11:06:24","modified_gmt":"2020-03-13T10:06:24","slug":"blog","status":"publish","type":"page","link":"https:\/\/bestinclassexperience.com\/index.php\/blog\/","title":{"rendered":"Blog"},"content":{"rendered":"\t\t<div data-elementor-type=\"wp-post\" data-elementor-id=\"388\" class=\"elementor elementor-388\" data-elementor-settings=\"[]\">\n\t\t\t\t\t\t<div class=\"elementor-inner\">\n\t\t\t\t\t\t\t<div class=\"elementor-section-wrap\">\n\t\t\t\t\t\t\t<section class=\"elementor-section elementor-top-section elementor-element elementor-element-7b30bd8d elementor-section-boxed elementor-section-height-default elementor-section-height-default\" data-id=\"7b30bd8d\" data-element_type=\"section\">\n\t\t\t\t\t\t<div class=\"elementor-container elementor-column-gap-default\">\n\t\t\t\t\t\t\t<div class=\"elementor-row\">\n\t\t\t\t\t<div class=\"elementor-column elementor-col-100 elementor-top-column elementor-element elementor-element-2be6814b\" data-id=\"2be6814b\" data-element_type=\"column\">\n\t\t\t<div class=\"elementor-column-wrap elementor-element-populated\">\n\t\t\t\t\t\t\t<div class=\"elementor-widget-wrap\">\n\t\t\t\t\t\t<div class=\"elementor-element elementor-element-6e3c4dd7 elementor-widget elementor-widget-heading\" data-id=\"6e3c4dd7\" data-element_type=\"widget\" data-widget_type=\"heading.default\">\n\t\t\t\t<div class=\"elementor-widget-container\">\n\t\t\t<h2 class=\"elementor-heading-title elementor-size-default\">Les \u00ab&nbsp;managers dans l\u2019\u00e2me&nbsp;\u00bb sont minoritaires<\/h2>\t\t<\/div>\n\t\t\t\t<\/div>\n\t\t\t\t<div class=\"elementor-element elementor-element-59458b41 elementor-widget elementor-widget-advanced-text-block\" data-id=\"59458b41\" data-element_type=\"widget\" data-widget_type=\"advanced-text-block.default\">\n\t\t\t\t<div class=\"elementor-widget-container\">\n\t\t\t<div class=\"futurio_extra_adv_text_block \" ><div class=\"text-content-block\"><p class=\"p1\"><span class=\"s1\">C\u2019est aussi la rentr\u00e9e pour les managers et certains d\u2019entre eux sont peu enthousiastes \u00e0 l\u2019id\u00e9e de retrouver leur \u00e9quipe. En effet, <b>21% des managers fran\u00e7ais admettent l\u2019\u00eatre devenu \u00ab\u00a0par erreur\u00a0\u00bb<\/b>.<\/span><\/p><p class=\"p1\"><span class=\"s1\">Ce profil de manager - qui n\u2019est pas le plus r\u00e9pandu comme on va le voir - est en revanche pr\u00e9sent dans tous les secteurs d\u2019activit\u00e9, dans les entreprises de toutes tailles. Il ne se r\u00e9duit en aucun cas \u00e0 une tranche d\u2019\u00e2ge en particulier et n\u2019est pas li\u00e9 au nombre d\u2019ann\u00e9es pass\u00e9es \u00e0 encadrer une \u00e9quipe. Les femmes et les hommes sont concern\u00e9s dans des proportions \u00e9quivalentes.<\/span><\/p><ul><li class=\"p1\"><span class=\"s1\">Ce profil se caract\u00e9rise par un v\u00e9cu n\u00e9gatif et contraint de sa fonction sur la plupart des plans, avec un niveau de motivation inf\u00e9rieur \u00e0 la moyenne nationale. Il est fortement expos\u00e9 au risque de surmenage \u00e0 cause de priorit\u00e9s jug\u00e9es peu claires et ce qu\u2019il consid\u00e8re \u00eatre un manque d\u2019accompagnement de son employeur pour g\u00e9rer la pression. C\u2019est un profil qui regrette d\u2019\u00eatre devenu manager lorsque la question lui est pos\u00e9e anonymement. <\/span><\/li><li class=\"p1\"><span class=\"s1\">Le profil le plus commun est le \u00ab\u00a0manager par raison\u00a0\u00bb, qui s\u2019\u00e9panouit nettement plus dans son r\u00f4le. <b>Il s\u2019agit de 42% des managers en France, qui ont acc\u00e9d\u00e9 sans accroc \u00e0 cette fonction<\/b>. La qualit\u00e9 de leur v\u00e9cu professionnel est satisfaisante dans l\u2019ensemble bien qu\u2019ils d\u00e9plorent les exigences de reporting chronophages et les injonctions parfois contradictoires de la part de leur direction.<\/span><\/li><li class=\"p1\"><span class=\"s1\">Reste le profil le plus positif, le <b>\u00ab\u00a0manager dans l\u2019\u00e2me\u00a0\u00bb, qui repr\u00e9sente 37% des personnes encadrant une \u00e9quipe en France<\/b>. Il partage beaucoup de points communs avec le \u00ab\u00a0manager par raison\u00a0\u00bb mais avec ce \u00ab\u00a0plus\u00a0\u00bb qui fait la diff\u00e9rence. Le contenu de sa fonction de manager lui convient parfaitement et alimente sa motivation \u00e9lev\u00e9e au travail. Son souhait principal est de disposer de plus de temps pour animer son \u00e9quipe.<\/span><\/li><\/ul><\/div><\/div>\t\t<\/div>\n\t\t\t\t<\/div>\n\t\t\t\t\t\t<\/div>\n\t\t\t\t\t<\/div>\n\t\t<\/div>\n\t\t\t\t\t\t\t\t<\/div>\n\t\t\t\t\t<\/div>\n\t\t<\/section>\n\t\t\t\t<section class=\"elementor-section elementor-top-section elementor-element elementor-element-6b69c958 elementor-section-boxed elementor-section-height-default elementor-section-height-default\" data-id=\"6b69c958\" data-element_type=\"section\">\n\t\t\t\t\t\t<div class=\"elementor-container elementor-column-gap-default\">\n\t\t\t\t\t\t\t<div class=\"elementor-row\">\n\t\t\t\t\t<div class=\"elementor-column elementor-col-100 elementor-top-column elementor-element elementor-element-375f7f67\" data-id=\"375f7f67\" data-element_type=\"column\">\n\t\t\t<div class=\"elementor-column-wrap elementor-element-populated\">\n\t\t\t\t\t\t\t<div class=\"elementor-widget-wrap\">\n\t\t\t\t\t\t<div class=\"elementor-element elementor-element-5a86097b elementor-widget elementor-widget-spacer\" data-id=\"5a86097b\" data-element_type=\"widget\" data-widget_type=\"spacer.default\">\n\t\t\t\t<div class=\"elementor-widget-container\">\n\t\t\t\t\t<div class=\"elementor-spacer\">\n\t\t\t<div class=\"elementor-spacer-inner\"><\/div>\n\t\t<\/div>\n\t\t\t\t<\/div>\n\t\t\t\t<\/div>\n\t\t\t\t\t\t<\/div>\n\t\t\t\t\t<\/div>\n\t\t<\/div>\n\t\t\t\t\t\t\t\t<\/div>\n\t\t\t\t\t<\/div>\n\t\t<\/section>\n\t\t\t\t<section class=\"elementor-section elementor-top-section elementor-element elementor-element-c845330 elementor-section-boxed elementor-section-height-default elementor-section-height-default\" data-id=\"c845330\" data-element_type=\"section\">\n\t\t\t\t\t\t<div class=\"elementor-container elementor-column-gap-default\">\n\t\t\t\t\t\t\t<div class=\"elementor-row\">\n\t\t\t\t\t<div class=\"elementor-column elementor-col-100 elementor-top-column elementor-element elementor-element-5a366d6\" data-id=\"5a366d6\" data-element_type=\"column\">\n\t\t\t<div class=\"elementor-column-wrap elementor-element-populated\">\n\t\t\t\t\t\t\t<div class=\"elementor-widget-wrap\">\n\t\t\t\t\t\t<div class=\"elementor-element elementor-element-2cf6d77 elementor-widget elementor-widget-heading\" data-id=\"2cf6d77\" data-element_type=\"widget\" data-widget_type=\"heading.default\">\n\t\t\t\t<div class=\"elementor-widget-container\">\n\t\t\t<h3 class=\"elementor-heading-title elementor-size-default\">Les managers et le surmenage<\/h3>\t\t<\/div>\n\t\t\t\t<\/div>\n\t\t\t\t\t\t<\/div>\n\t\t\t\t\t<\/div>\n\t\t<\/div>\n\t\t\t\t\t\t\t\t<\/div>\n\t\t\t\t\t<\/div>\n\t\t<\/section>\n\t\t\t\t<section class=\"elementor-section elementor-top-section elementor-element elementor-element-6b64d5d elementor-section-boxed elementor-section-height-default elementor-section-height-default\" data-id=\"6b64d5d\" data-element_type=\"section\">\n\t\t\t\t\t\t<div class=\"elementor-container elementor-column-gap-default\">\n\t\t\t\t\t\t\t<div class=\"elementor-row\">\n\t\t\t\t\t<div class=\"elementor-column elementor-col-100 elementor-top-column elementor-element elementor-element-f981816\" data-id=\"f981816\" data-element_type=\"column\">\n\t\t\t<div class=\"elementor-column-wrap elementor-element-populated\">\n\t\t\t\t\t\t\t<div class=\"elementor-widget-wrap\">\n\t\t\t\t\t\t<div class=\"elementor-element elementor-element-524b2f7c elementor-widget elementor-widget-advanced-text-block\" data-id=\"524b2f7c\" data-element_type=\"widget\" data-widget_type=\"advanced-text-block.default\">\n\t\t\t\t<div class=\"elementor-widget-container\">\n\t\t\t<div class=\"futurio_extra_adv_text_block \" ><div class=\"text-content-block\"><p class=\"p1\"><span class=\"s1\">Chaque profil de manager r\u00e9v\u00e8le aussi <b>un rapport sp\u00e9cifique et diff\u00e9renti\u00e9 au temps<\/b>: l\u00e0 o\u00f9 le \u00ab\u00a0manager par erreur\u00a0\u00bb exerce avant tout sa fonction dans l\u2019urgence et en mode r\u00e9actif, le \u00ab\u00a0manager par raison\u00a0\u00bb est plus dans le pilotage \u00e0 moyen terme associ\u00e9 \u00e0 un besoin de vision pour mieux arbitrer, tandis que le \u00ab\u00a0manager dans l\u2019\u00e2me\u00a0\u00bb est dans l\u2019anticipation et souhaite plus de temps manag\u00e9rial.<\/span><\/p><p class=\"p1\"><span class=\"s1\">Le profil auquel on appartient d\u00e9termine de ce fait la probabilit\u00e9 d\u2019\u00eatre <b>victime de surmenage<\/b>. Les \u00ab\u00a0managers par erreur\u00a0\u00bb y sont 2,5 fois plus expos\u00e9s que les \u00ab\u00a0managers dans l\u2019\u00e2me\u00a0\u00bb. Pr\u00e8s de 30% d\u2019entre eux d\u00e9clarent au moins un arr\u00eat de travail provoqu\u00e9 par le surmenage au cours des 12 derniers mois alors que la moyenne nationale est de 15%.<\/span><\/p><\/div><\/div>\t\t<\/div>\n\t\t\t\t<\/div>\n\t\t\t\t<div class=\"elementor-element elementor-element-ef2a808 elementor-widget elementor-widget-spacer\" data-id=\"ef2a808\" data-element_type=\"widget\" data-widget_type=\"spacer.default\">\n\t\t\t\t<div class=\"elementor-widget-container\">\n\t\t\t\t\t<div class=\"elementor-spacer\">\n\t\t\t<div class=\"elementor-spacer-inner\"><\/div>\n\t\t<\/div>\n\t\t\t\t<\/div>\n\t\t\t\t<\/div>\n\t\t\t\t\t\t<\/div>\n\t\t\t\t\t<\/div>\n\t\t<\/div>\n\t\t\t\t\t\t\t\t<\/div>\n\t\t\t\t\t<\/div>\n\t\t<\/section>\n\t\t\t\t<section class=\"elementor-section elementor-top-section elementor-element elementor-element-141bd3bb elementor-section-boxed elementor-section-height-default elementor-section-height-default\" data-id=\"141bd3bb\" data-element_type=\"section\">\n\t\t\t\t\t\t<div class=\"elementor-container elementor-column-gap-default\">\n\t\t\t\t\t\t\t<div class=\"elementor-row\">\n\t\t\t\t\t<div class=\"elementor-column elementor-col-100 elementor-top-column elementor-element elementor-element-5fd2b3fa\" data-id=\"5fd2b3fa\" data-element_type=\"column\">\n\t\t\t<div class=\"elementor-column-wrap elementor-element-populated\">\n\t\t\t\t\t\t\t<div class=\"elementor-widget-wrap\">\n\t\t\t\t\t\t<div class=\"elementor-element elementor-element-66325aae elementor-widget elementor-widget-image\" data-id=\"66325aae\" data-element_type=\"widget\" data-widget_type=\"image.default\">\n\t\t\t\t<div class=\"elementor-widget-container\">\n\t\t\t\t\t\t\t\t<div class=\"elementor-image\">\n\t\t\t\t\t\t\t\t\t\t\t\t<img width=\"768\" height=\"391\" src=\"https:\/\/bestinclassexperience.com\/wp-content\/uploads\/2019\/08\/Pour-article-2-768x391.png\" class=\"attachment-medium_large size-medium_large\" alt=\"\" loading=\"lazy\" srcset=\"https:\/\/bestinclassexperience.com\/wp-content\/uploads\/2019\/08\/Pour-article-2-768x391.png 768w, https:\/\/bestinclassexperience.com\/wp-content\/uploads\/2019\/08\/Pour-article-2-300x153.png 300w, https:\/\/bestinclassexperience.com\/wp-content\/uploads\/2019\/08\/Pour-article-2-1024x521.png 1024w, https:\/\/bestinclassexperience.com\/wp-content\/uploads\/2019\/08\/Pour-article-2.png 1514w\" sizes=\"(max-width: 768px) 100vw, 768px\" \/>\t\t\t\t\t\t\t\t\t\t\t\t\t\t<\/div>\n\t\t\t\t\t\t<\/div>\n\t\t\t\t<\/div>\n\t\t\t\t\t\t<\/div>\n\t\t\t\t\t<\/div>\n\t\t<\/div>\n\t\t\t\t\t\t\t\t<\/div>\n\t\t\t\t\t<\/div>\n\t\t<\/section>\n\t\t\t\t<section class=\"elementor-section elementor-top-section elementor-element elementor-element-27b66b91 elementor-section-boxed elementor-section-height-default elementor-section-height-default\" data-id=\"27b66b91\" data-element_type=\"section\">\n\t\t\t\t\t\t<div class=\"elementor-container elementor-column-gap-default\">\n\t\t\t\t\t\t\t<div class=\"elementor-row\">\n\t\t\t\t\t<div class=\"elementor-column elementor-col-100 elementor-top-column elementor-element elementor-element-235ac55\" data-id=\"235ac55\" data-element_type=\"column\">\n\t\t\t<div class=\"elementor-column-wrap elementor-element-populated\">\n\t\t\t\t\t\t\t<div class=\"elementor-widget-wrap\">\n\t\t\t\t\t\t<div class=\"elementor-element elementor-element-414130b4 elementor-widget elementor-widget-spacer\" data-id=\"414130b4\" data-element_type=\"widget\" data-widget_type=\"spacer.default\">\n\t\t\t\t<div class=\"elementor-widget-container\">\n\t\t\t\t\t<div class=\"elementor-spacer\">\n\t\t\t<div class=\"elementor-spacer-inner\"><\/div>\n\t\t<\/div>\n\t\t\t\t<\/div>\n\t\t\t\t<\/div>\n\t\t\t\t\t\t<\/div>\n\t\t\t\t\t<\/div>\n\t\t<\/div>\n\t\t\t\t\t\t\t\t<\/div>\n\t\t\t\t\t<\/div>\n\t\t<\/section>\n\t\t\t\t<section class=\"elementor-section elementor-top-section elementor-element elementor-element-f89ddeb elementor-section-boxed elementor-section-height-default elementor-section-height-default\" data-id=\"f89ddeb\" data-element_type=\"section\">\n\t\t\t\t\t\t<div class=\"elementor-container elementor-column-gap-default\">\n\t\t\t\t\t\t\t<div class=\"elementor-row\">\n\t\t\t\t\t<div class=\"elementor-column elementor-col-100 elementor-top-column elementor-element elementor-element-39a89e1\" data-id=\"39a89e1\" data-element_type=\"column\">\n\t\t\t<div class=\"elementor-column-wrap elementor-element-populated\">\n\t\t\t\t\t\t\t<div class=\"elementor-widget-wrap\">\n\t\t\t\t\t\t<div class=\"elementor-element elementor-element-1422e7a elementor-widget elementor-widget-heading\" data-id=\"1422e7a\" data-element_type=\"widget\" data-widget_type=\"heading.default\">\n\t\t\t\t<div class=\"elementor-widget-container\">\n\t\t\t<h3 class=\"elementor-heading-title elementor-size-default\">Que retenir de cette typologie ?<\/h3>\t\t<\/div>\n\t\t\t\t<\/div>\n\t\t\t\t\t\t<\/div>\n\t\t\t\t\t<\/div>\n\t\t<\/div>\n\t\t\t\t\t\t\t\t<\/div>\n\t\t\t\t\t<\/div>\n\t\t<\/section>\n\t\t\t\t<section class=\"elementor-section elementor-top-section elementor-element elementor-element-7d4a458e elementor-section-boxed elementor-section-height-default elementor-section-height-default\" data-id=\"7d4a458e\" data-element_type=\"section\">\n\t\t\t\t\t\t<div class=\"elementor-container elementor-column-gap-default\">\n\t\t\t\t\t\t\t<div class=\"elementor-row\">\n\t\t\t\t\t<div class=\"elementor-column elementor-col-100 elementor-top-column elementor-element elementor-element-55d482d8\" data-id=\"55d482d8\" data-element_type=\"column\">\n\t\t\t<div class=\"elementor-column-wrap elementor-element-populated\">\n\t\t\t\t\t\t\t<div class=\"elementor-widget-wrap\">\n\t\t\t\t\t\t<div class=\"elementor-element elementor-element-7ae3bcfd elementor-widget elementor-widget-advanced-text-block\" data-id=\"7ae3bcfd\" data-element_type=\"widget\" data-widget_type=\"advanced-text-block.default\">\n\t\t\t\t<div class=\"elementor-widget-container\">\n\t\t\t<div class=\"futurio_extra_adv_text_block \" ><div class=\"text-content-block\"><p class=\"p1\"><span class=\"s1\">L\u2019exp\u00e9rience d\u2019\u00eatre manager aujourd\u2019hui n\u2019est ni un supplice, ni une f\u00e9licit\u00e9e de fa\u00e7on syst\u00e9matique. Elle est v\u00e9cue de fa\u00e7on positive par 79% des r\u00e9pondants de l\u2019\u00e9tude men\u00e9e par Augmented Talent.<\/span><\/p><p class=\"p1\"><span class=\"s1\">Comprendre le v\u00e9cu de la fonction, dans ses dimensions positives et n\u00e9gatives, constitue une \u00e9tape indispensable pour <b>construire des parcours coh\u00e9rents et am\u00e9liorer durablement les pratiques d\u2019encadrement<\/b>. Les comparaisons internationales \u00e9tant peu favorables \u00e0 la France de ce point de vue, ce chantier appara\u00eet prioritaire.<\/span><\/p><\/div><\/div>\t\t<\/div>\n\t\t\t\t<\/div>\n\t\t\t\t\t\t<\/div>\n\t\t\t\t\t<\/div>\n\t\t<\/div>\n\t\t\t\t\t\t\t\t<\/div>\n\t\t\t\t\t<\/div>\n\t\t<\/section>\n\t\t\t\t<section class=\"elementor-section elementor-top-section elementor-element elementor-element-1e69200c elementor-section-boxed elementor-section-height-default elementor-section-height-default\" data-id=\"1e69200c\" data-element_type=\"section\">\n\t\t\t\t\t\t<div class=\"elementor-container elementor-column-gap-default\">\n\t\t\t\t\t\t\t<div class=\"elementor-row\">\n\t\t\t\t\t<div class=\"elementor-column elementor-col-100 elementor-top-column elementor-element elementor-element-4526357c\" data-id=\"4526357c\" data-element_type=\"column\">\n\t\t\t<div class=\"elementor-column-wrap elementor-element-populated\">\n\t\t\t\t\t\t\t<div class=\"elementor-widget-wrap\">\n\t\t\t\t\t\t<div class=\"elementor-element elementor-element-2e9fcf95 elementor-widget elementor-widget-spacer\" data-id=\"2e9fcf95\" data-element_type=\"widget\" data-widget_type=\"spacer.default\">\n\t\t\t\t<div class=\"elementor-widget-container\">\n\t\t\t\t\t<div class=\"elementor-spacer\">\n\t\t\t<div class=\"elementor-spacer-inner\"><\/div>\n\t\t<\/div>\n\t\t\t\t<\/div>\n\t\t\t\t<\/div>\n\t\t\t\t\t\t<\/div>\n\t\t\t\t\t<\/div>\n\t\t<\/div>\n\t\t\t\t\t\t\t\t<\/div>\n\t\t\t\t\t<\/div>\n\t\t<\/section>\n\t\t\t\t<section class=\"elementor-section elementor-top-section elementor-element elementor-element-11653af elementor-section-boxed elementor-section-height-default elementor-section-height-default\" data-id=\"11653af\" data-element_type=\"section\">\n\t\t\t\t\t\t<div class=\"elementor-container elementor-column-gap-default\">\n\t\t\t\t\t\t\t<div class=\"elementor-row\">\n\t\t\t\t\t<div class=\"elementor-column elementor-col-100 elementor-top-column elementor-element elementor-element-2de0092\" data-id=\"2de0092\" data-element_type=\"column\">\n\t\t\t<div class=\"elementor-column-wrap elementor-element-populated\">\n\t\t\t\t\t\t\t<div class=\"elementor-widget-wrap\">\n\t\t\t\t\t\t<div class=\"elementor-element elementor-element-d69041d elementor-widget elementor-widget-heading\" data-id=\"d69041d\" data-element_type=\"widget\" data-widget_type=\"heading.default\">\n\t\t\t\t<div class=\"elementor-widget-container\">\n\t\t\t<h3 class=\"elementor-heading-title elementor-size-default\">Infographie<\/h3>\t\t<\/div>\n\t\t\t\t<\/div>\n\t\t\t\t\t\t<\/div>\n\t\t\t\t\t<\/div>\n\t\t<\/div>\n\t\t\t\t\t\t\t\t<\/div>\n\t\t\t\t\t<\/div>\n\t\t<\/section>\n\t\t\t\t<section class=\"elementor-section elementor-top-section elementor-element elementor-element-83e6923 elementor-section-boxed elementor-section-height-default elementor-section-height-default\" data-id=\"83e6923\" data-element_type=\"section\">\n\t\t\t\t\t\t<div class=\"elementor-container elementor-column-gap-default\">\n\t\t\t\t\t\t\t<div class=\"elementor-row\">\n\t\t\t\t\t<div class=\"elementor-column elementor-col-100 elementor-top-column elementor-element elementor-element-61e88e7\" data-id=\"61e88e7\" data-element_type=\"column\">\n\t\t\t<div class=\"elementor-column-wrap elementor-element-populated\">\n\t\t\t\t\t\t\t<div class=\"elementor-widget-wrap\">\n\t\t\t\t\t\t<div class=\"elementor-element elementor-element-799f673 elementor-widget elementor-widget-shortcode\" data-id=\"799f673\" data-element_type=\"widget\" data-widget_type=\"shortcode.default\">\n\t\t\t\t<div class=\"elementor-widget-container\">\n\t\t\t\t\t<div class=\"elementor-shortcode\"><iframe loading=\"lazy\" src=\"https:\/\/cdn.flipsnack.com\/widget\/v2\/widget.html?hash=fdhjejkzy\" width=\"100%\" height=\"480\" seamless=\"seamless\" scrolling=\"no\" frameBorder=\"0\" allowFullScreen><\/iframe><\/div>\n\t\t\t\t<\/div>\n\t\t\t\t<\/div>\n\t\t\t\t\t\t<\/div>\n\t\t\t\t\t<\/div>\n\t\t<\/div>\n\t\t\t\t\t\t\t\t<\/div>\n\t\t\t\t\t<\/div>\n\t\t<\/section>\n\t\t\t\t<section class=\"elementor-section elementor-top-section elementor-element elementor-element-f1cbf0a elementor-section-boxed elementor-section-height-default elementor-section-height-default\" data-id=\"f1cbf0a\" data-element_type=\"section\">\n\t\t\t\t\t\t<div class=\"elementor-container elementor-column-gap-default\">\n\t\t\t\t\t\t\t<div class=\"elementor-row\">\n\t\t\t\t\t<div class=\"elementor-column elementor-col-100 elementor-top-column elementor-element elementor-element-893ddad\" data-id=\"893ddad\" data-element_type=\"column\">\n\t\t\t<div class=\"elementor-column-wrap elementor-element-populated\">\n\t\t\t\t\t\t\t<div class=\"elementor-widget-wrap\">\n\t\t\t\t\t\t<div class=\"elementor-element elementor-element-7c1a060 elementor-widget elementor-widget-heading\" data-id=\"7c1a060\" data-element_type=\"widget\" data-widget_type=\"heading.default\">\n\t\t\t\t<div class=\"elementor-widget-container\">\n\t\t\t<h6 class=\"elementor-heading-title elementor-size-default\">L'infographie est t\u00e9l\u00e9chargeable en mode plein \u00e9cran<\/h6>\t\t<\/div>\n\t\t\t\t<\/div>\n\t\t\t\t\t\t<\/div>\n\t\t\t\t\t<\/div>\n\t\t<\/div>\n\t\t\t\t\t\t\t\t<\/div>\n\t\t\t\t\t<\/div>\n\t\t<\/section>\n\t\t\t\t\t\t<\/div>\n\t\t\t\t\t\t<\/div>\n\t\t\t\t\t<\/div>\n\t\t","protected":false},"excerpt":{"rendered":"<p>Les \u00ab&nbsp;managers dans l\u2019\u00e2me&nbsp;\u00bb sont minoritaires C\u2019est aussi la rentr\u00e9e pour les managers et certains d\u2019entre eux sont peu enthousiastes \u00e0 l\u2019id\u00e9e de retrouver leur \u00e9quipe. En effet, 21% des managers fran\u00e7ais admettent l\u2019\u00eatre devenu \u00ab&nbsp;par erreur&nbsp;\u00bb. Ce profil de manager &#8211; qui n\u2019est pas le plus r\u00e9pandu comme on va le voir &#8211; est [&hellip;]<\/p>\n","protected":false},"author":1,"featured_media":0,"parent":0,"menu_order":0,"comment_status":"closed","ping_status":"closed","template":"","meta":[],"_links":{"self":[{"href":"https:\/\/bestinclassexperience.com\/index.php\/wp-json\/wp\/v2\/pages\/388"}],"collection":[{"href":"https:\/\/bestinclassexperience.com\/index.php\/wp-json\/wp\/v2\/pages"}],"about":[{"href":"https:\/\/bestinclassexperience.com\/index.php\/wp-json\/wp\/v2\/types\/page"}],"author":[{"embeddable":true,"href":"https:\/\/bestinclassexperience.com\/index.php\/wp-json\/wp\/v2\/users\/1"}],"replies":[{"embeddable":true,"href":"https:\/\/bestinclassexperience.com\/index.php\/wp-json\/wp\/v2\/comments?post=388"}],"version-history":[{"count":10,"href":"https:\/\/bestinclassexperience.com\/index.php\/wp-json\/wp\/v2\/pages\/388\/revisions"}],"predecessor-version":[{"id":584,"href":"https:\/\/bestinclassexperience.com\/index.php\/wp-json\/wp\/v2\/pages\/388\/revisions\/584"}],"wp:attachment":[{"href":"https:\/\/bestinclassexperience.com\/index.php\/wp-json\/wp\/v2\/media?parent=388"}],"curies":[{"name":"wp","href":"https:\/\/api.w.org\/{rel}","templated":true}]}}