{"id":640,"date":"2019-10-14T13:36:13","date_gmt":"2019-10-14T11:36:13","guid":{"rendered":"https:\/\/bestinclassexperience.com\/?page_id=640"},"modified":"2021-07-05T18:24:48","modified_gmt":"2021-07-05T16:24:48","slug":"dans-lactu","status":"publish","type":"page","link":"https:\/\/bestinclassexperience.com\/index.php\/dans-lactu\/","title":{"rendered":"Medias"},"content":{"rendered":"\t\t<div data-elementor-type=\"wp-post\" data-elementor-id=\"640\" class=\"elementor elementor-640\" data-elementor-settings=\"[]\">\n\t\t\t\t\t\t<div class=\"elementor-inner\">\n\t\t\t\t\t\t\t<div class=\"elementor-section-wrap\">\n\t\t\t\t\t\t\t<section class=\"elementor-section elementor-top-section elementor-element elementor-element-0f37e62 elementor-section-boxed elementor-section-height-default elementor-section-height-default\" data-id=\"0f37e62\" data-element_type=\"section\">\n\t\t\t\t\t\t<div class=\"elementor-container elementor-column-gap-default\">\n\t\t\t\t\t\t\t<div class=\"elementor-row\">\n\t\t\t\t\t<div class=\"elementor-column elementor-col-100 elementor-top-column elementor-element elementor-element-f2d4a1f\" data-id=\"f2d4a1f\" data-element_type=\"column\">\n\t\t\t<div class=\"elementor-column-wrap elementor-element-populated\">\n\t\t\t\t\t\t\t<div class=\"elementor-widget-wrap\">\n\t\t\t\t\t\t<div class=\"elementor-element elementor-element-4e28956 elementor-widget elementor-widget-image\" data-id=\"4e28956\" data-element_type=\"widget\" data-widget_type=\"image.default\">\n\t\t\t\t<div class=\"elementor-widget-container\">\n\t\t\t\t\t\t\t\t<div class=\"elementor-image\">\n\t\t\t\t\t\t\t\t\t<figure class=\"wp-caption\">\n\t\t\t\t\t\t\t\t\t\t\t<a href=\"https:\/\/www.hbrfrance.fr\/chroniques-experts\/2019\/11\/28499-la-face-cachee-de-lexperience-collaborateur\/\" target=\"_blank\">\n\t\t\t\t\t\t\t<img width=\"300\" height=\"151\" src=\"https:\/\/bestinclassexperience.com\/wp-content\/uploads\/2019\/11\/Capture-d\u2019e\u0301cran-2019-11-27-a\u0300-10.39.29-300x151.png\" class=\"attachment-medium size-medium\" alt=\"\" loading=\"lazy\" srcset=\"https:\/\/bestinclassexperience.com\/wp-content\/uploads\/2019\/11\/Capture-d\u2019e\u0301cran-2019-11-27-a\u0300-10.39.29-300x151.png 300w, https:\/\/bestinclassexperience.com\/wp-content\/uploads\/2019\/11\/Capture-d\u2019e\u0301cran-2019-11-27-a\u0300-10.39.29.png 586w\" sizes=\"(max-width: 300px) 100vw, 300px\" \/>\t\t\t\t\t\t\t\t<\/a>\n\t\t\t\t\t\t\t\t\t\t\t<figcaption class=\"widget-image-caption wp-caption-text\">La face cach\u00e9e de l'exp\u00e9rience collaborateur<\/figcaption>\n\t\t\t\t\t\t\t\t\t\t<\/figure>\n\t\t\t\t\t\t\t\t<\/div>\n\t\t\t\t\t\t<\/div>\n\t\t\t\t<\/div>\n\t\t\t\t\t\t<\/div>\n\t\t\t\t\t<\/div>\n\t\t<\/div>\n\t\t\t\t\t\t\t\t<\/div>\n\t\t\t\t\t<\/div>\n\t\t<\/section>\n\t\t\t\t<section class=\"elementor-section elementor-top-section elementor-element elementor-element-df75067 elementor-section-boxed elementor-section-height-default elementor-section-height-default\" data-id=\"df75067\" data-element_type=\"section\">\n\t\t\t\t\t\t<div class=\"elementor-container elementor-column-gap-default\">\n\t\t\t\t\t\t\t<div class=\"elementor-row\">\n\t\t\t\t\t<div class=\"elementor-column elementor-col-100 elementor-top-column elementor-element elementor-element-1e31884\" data-id=\"1e31884\" data-element_type=\"column\">\n\t\t\t<div class=\"elementor-column-wrap elementor-element-populated\">\n\t\t\t\t\t\t\t<div class=\"elementor-widget-wrap\">\n\t\t\t\t\t\t<div class=\"elementor-element elementor-element-e88ca25 elementor-widget-divider--view-line elementor-widget elementor-widget-divider\" data-id=\"e88ca25\" data-element_type=\"widget\" data-widget_type=\"divider.default\">\n\t\t\t\t<div class=\"elementor-widget-container\">\n\t\t\t\t\t<div class=\"elementor-divider\">\n\t\t\t<span class=\"elementor-divider-separator\">\n\t\t\t\t\t\t<\/span>\n\t\t<\/div>\n\t\t\t\t<\/div>\n\t\t\t\t<\/div>\n\t\t\t\t\t\t<\/div>\n\t\t\t\t\t<\/div>\n\t\t<\/div>\n\t\t\t\t\t\t\t\t<\/div>\n\t\t\t\t\t<\/div>\n\t\t<\/section>\n\t\t\t\t<section class=\"elementor-section elementor-top-section elementor-element elementor-element-1d79755 elementor-section-boxed elementor-section-height-default elementor-section-height-default\" data-id=\"1d79755\" data-element_type=\"section\">\n\t\t\t\t\t\t<div class=\"elementor-container elementor-column-gap-default\">\n\t\t\t\t\t\t\t<div class=\"elementor-row\">\n\t\t\t\t\t<div class=\"elementor-column elementor-col-100 elementor-top-column elementor-element elementor-element-3ff353b\" data-id=\"3ff353b\" data-element_type=\"column\">\n\t\t\t<div class=\"elementor-column-wrap elementor-element-populated\">\n\t\t\t\t\t\t\t<div class=\"elementor-widget-wrap\">\n\t\t\t\t\t\t<div class=\"elementor-element elementor-element-f5988ba elementor-position-top elementor-vertical-align-top elementor-widget elementor-widget-image-box\" data-id=\"f5988ba\" data-element_type=\"widget\" data-widget_type=\"image-box.default\">\n\t\t\t\t<div class=\"elementor-widget-container\">\n\t\t\t<div class=\"elementor-image-box-wrapper\"><figure class=\"elementor-image-box-img\"><a href=\"http:\/\/courriercadres.com\/entreprise\/vie-au-travail\/41-des-salaries-ne-se-sentent-pas-assez-ecoutes-par-leur-employeur-01072021\" target=\"_blank\"><img width=\"300\" height=\"138\" src=\"https:\/\/bestinclassexperience.com\/wp-content\/uploads\/2021\/07\/CC-300x138.png\" class=\"attachment-medium size-medium\" alt=\"\" loading=\"lazy\" srcset=\"https:\/\/bestinclassexperience.com\/wp-content\/uploads\/2021\/07\/CC-300x138.png 300w, https:\/\/bestinclassexperience.com\/wp-content\/uploads\/2021\/07\/CC.png 442w\" sizes=\"(max-width: 300px) 100vw, 300px\" \/><\/a><\/figure><div class=\"elementor-image-box-content\"><p class=\"elementor-image-box-description\">Les salari\u00e9s ne se sentent pas assez \u00e9cout\u00e9s par leur employeur<\/p><\/div><\/div>\t\t<\/div>\n\t\t\t\t<\/div>\n\t\t\t\t\t\t<\/div>\n\t\t\t\t\t<\/div>\n\t\t<\/div>\n\t\t\t\t\t\t\t\t<\/div>\n\t\t\t\t\t<\/div>\n\t\t<\/section>\n\t\t\t\t<section class=\"elementor-section elementor-top-section elementor-element elementor-element-0023a99 elementor-section-boxed elementor-section-height-default elementor-section-height-default\" data-id=\"0023a99\" data-element_type=\"section\">\n\t\t\t\t\t\t<div class=\"elementor-container elementor-column-gap-default\">\n\t\t\t\t\t\t\t<div class=\"elementor-row\">\n\t\t\t\t\t<div class=\"elementor-column elementor-col-100 elementor-top-column elementor-element elementor-element-771f986\" data-id=\"771f986\" data-element_type=\"column\">\n\t\t\t<div class=\"elementor-column-wrap elementor-element-populated\">\n\t\t\t\t\t\t\t<div class=\"elementor-widget-wrap\">\n\t\t\t\t\t\t<div class=\"elementor-element elementor-element-7fb0257 elementor-widget-divider--view-line elementor-widget elementor-widget-divider\" data-id=\"7fb0257\" data-element_type=\"widget\" data-widget_type=\"divider.default\">\n\t\t\t\t<div class=\"elementor-widget-container\">\n\t\t\t\t\t<div class=\"elementor-divider\">\n\t\t\t<span class=\"elementor-divider-separator\">\n\t\t\t\t\t\t<\/span>\n\t\t<\/div>\n\t\t\t\t<\/div>\n\t\t\t\t<\/div>\n\t\t\t\t<div class=\"elementor-element elementor-element-b2b56d8 elementor-position-top elementor-vertical-align-top elementor-widget elementor-widget-image-box\" data-id=\"b2b56d8\" data-element_type=\"widget\" data-widget_type=\"image-box.default\">\n\t\t\t\t<div class=\"elementor-widget-container\">\n\t\t\t<div class=\"elementor-image-box-wrapper\"><figure class=\"elementor-image-box-img\"><a href=\"https:\/\/www.maddyness.com\/2019\/10\/16\/onboarding-strategie-gagnante-optimiser-experience-collaborateur\/\" target=\"_blank\"><img width=\"300\" height=\"58\" src=\"https:\/\/bestinclassexperience.com\/wp-content\/uploads\/2019\/10\/Maddyness-300x58.png\" class=\"attachment-medium size-medium\" alt=\"\" loading=\"lazy\" srcset=\"https:\/\/bestinclassexperience.com\/wp-content\/uploads\/2019\/10\/Maddyness-300x58.png 300w, https:\/\/bestinclassexperience.com\/wp-content\/uploads\/2019\/10\/Maddyness-768x149.png 768w, https:\/\/bestinclassexperience.com\/wp-content\/uploads\/2019\/10\/Maddyness-1024x198.png 1024w, https:\/\/bestinclassexperience.com\/wp-content\/uploads\/2019\/10\/Maddyness.png 1178w\" sizes=\"(max-width: 300px) 100vw, 300px\" \/><\/a><\/figure><div class=\"elementor-image-box-content\"><p class=\"elementor-image-box-description\">Miser sur l\u2019onboarding, une strat\u00e9gie gagnante pour optimiser l\u2019exp\u00e9rience collaborateur<\/p><\/div><\/div>\t\t<\/div>\n\t\t\t\t<\/div>\n\t\t\t\t\t\t<\/div>\n\t\t\t\t\t<\/div>\n\t\t<\/div>\n\t\t\t\t\t\t\t\t<\/div>\n\t\t\t\t\t<\/div>\n\t\t<\/section>\n\t\t\t\t<section class=\"elementor-section elementor-top-section elementor-element elementor-element-51a5b6d elementor-section-boxed elementor-section-height-default elementor-section-height-default\" data-id=\"51a5b6d\" data-element_type=\"section\">\n\t\t\t\t\t\t<div class=\"elementor-container elementor-column-gap-default\">\n\t\t\t\t\t\t\t<div class=\"elementor-row\">\n\t\t\t\t\t<div class=\"elementor-column elementor-col-100 elementor-top-column elementor-element elementor-element-72afb45\" data-id=\"72afb45\" data-element_type=\"column\">\n\t\t\t<div class=\"elementor-column-wrap elementor-element-populated\">\n\t\t\t\t\t\t\t<div class=\"elementor-widget-wrap\">\n\t\t\t\t\t\t<div class=\"elementor-element elementor-element-90428f6 elementor-widget-divider--view-line elementor-widget elementor-widget-divider\" data-id=\"90428f6\" data-element_type=\"widget\" data-widget_type=\"divider.default\">\n\t\t\t\t<div class=\"elementor-widget-container\">\n\t\t\t\t\t<div class=\"elementor-divider\">\n\t\t\t<span class=\"elementor-divider-separator\">\n\t\t\t\t\t\t<\/span>\n\t\t<\/div>\n\t\t\t\t<\/div>\n\t\t\t\t<\/div>\n\t\t\t\t\t\t<\/div>\n\t\t\t\t\t<\/div>\n\t\t<\/div>\n\t\t\t\t\t\t\t\t<\/div>\n\t\t\t\t\t<\/div>\n\t\t<\/section>\n\t\t\t\t<section class=\"elementor-section elementor-top-section elementor-element elementor-element-285cd6c elementor-section-boxed elementor-section-height-default elementor-section-height-default\" data-id=\"285cd6c\" data-element_type=\"section\">\n\t\t\t\t\t\t<div class=\"elementor-container elementor-column-gap-default\">\n\t\t\t\t\t\t\t<div class=\"elementor-row\">\n\t\t\t\t\t<div class=\"elementor-column elementor-col-100 elementor-top-column elementor-element elementor-element-faa6ca8\" data-id=\"faa6ca8\" data-element_type=\"column\">\n\t\t\t<div class=\"elementor-column-wrap elementor-element-populated\">\n\t\t\t\t\t\t\t<div class=\"elementor-widget-wrap\">\n\t\t\t\t\t\t<div class=\"elementor-element elementor-element-0d2e5bb elementor-position-top elementor-vertical-align-top elementor-widget elementor-widget-image-box\" data-id=\"0d2e5bb\" data-element_type=\"widget\" data-widget_type=\"image-box.default\">\n\t\t\t\t<div class=\"elementor-widget-container\">\n\t\t\t<div class=\"elementor-image-box-wrapper\"><figure class=\"elementor-image-box-img\"><a href=\"https:\/\/www.flipsnack.com\/AugmentedTalent\/exp-rience-manager-dans-rh-m_revue_n75\/full-view.html\" target=\"_blank\"><img width=\"880\" height=\"674\" src=\"https:\/\/bestinclassexperience.com\/wp-content\/uploads\/2019\/10\/Capture-d\u2019e\u0301cran-2019-10-14-a\u0300-13.18.52.png\" class=\"attachment-full size-full\" alt=\"\" loading=\"lazy\" srcset=\"https:\/\/bestinclassexperience.com\/wp-content\/uploads\/2019\/10\/Capture-d\u2019e\u0301cran-2019-10-14-a\u0300-13.18.52.png 880w, https:\/\/bestinclassexperience.com\/wp-content\/uploads\/2019\/10\/Capture-d\u2019e\u0301cran-2019-10-14-a\u0300-13.18.52-300x230.png 300w, https:\/\/bestinclassexperience.com\/wp-content\/uploads\/2019\/10\/Capture-d\u2019e\u0301cran-2019-10-14-a\u0300-13.18.52-768x588.png 768w\" sizes=\"(max-width: 880px) 100vw, 880px\" \/><\/a><\/figure><div class=\"elementor-image-box-content\"><p class=\"elementor-image-box-description\">Entre burn-out et accomplissement, l\u2019expe\u0301rience manager est plurielle<\/p><\/div><\/div>\t\t<\/div>\n\t\t\t\t<\/div>\n\t\t\t\t\t\t<\/div>\n\t\t\t\t\t<\/div>\n\t\t<\/div>\n\t\t\t\t\t\t\t\t<\/div>\n\t\t\t\t\t<\/div>\n\t\t<\/section>\n\t\t\t\t<section class=\"elementor-section elementor-top-section elementor-element elementor-element-5c513e3 elementor-section-boxed elementor-section-height-default elementor-section-height-default\" data-id=\"5c513e3\" data-element_type=\"section\">\n\t\t\t\t\t\t<div class=\"elementor-container elementor-column-gap-default\">\n\t\t\t\t\t\t\t<div class=\"elementor-row\">\n\t\t\t\t\t<div class=\"elementor-column elementor-col-100 elementor-top-column elementor-element elementor-element-72c828b\" data-id=\"72c828b\" data-element_type=\"column\">\n\t\t\t<div class=\"elementor-column-wrap elementor-element-populated\">\n\t\t\t\t\t\t\t<div class=\"elementor-widget-wrap\">\n\t\t\t\t\t\t<div class=\"elementor-element elementor-element-80cf9d5 elementor-widget-divider--view-line elementor-widget elementor-widget-divider\" data-id=\"80cf9d5\" data-element_type=\"widget\" data-widget_type=\"divider.default\">\n\t\t\t\t<div class=\"elementor-widget-container\">\n\t\t\t\t\t<div class=\"elementor-divider\">\n\t\t\t<span class=\"elementor-divider-separator\">\n\t\t\t\t\t\t<\/span>\n\t\t<\/div>\n\t\t\t\t<\/div>\n\t\t\t\t<\/div>\n\t\t\t\t\t\t<\/div>\n\t\t\t\t\t<\/div>\n\t\t<\/div>\n\t\t\t\t\t\t\t\t<\/div>\n\t\t\t\t\t<\/div>\n\t\t<\/section>\n\t\t\t\t<section class=\"elementor-section elementor-top-section elementor-element elementor-element-9f383fa elementor-section-boxed elementor-section-height-default elementor-section-height-default\" data-id=\"9f383fa\" data-element_type=\"section\">\n\t\t\t\t\t\t<div class=\"elementor-container elementor-column-gap-default\">\n\t\t\t\t\t\t\t<div class=\"elementor-row\">\n\t\t\t\t\t<div class=\"elementor-column elementor-col-100 elementor-top-column elementor-element elementor-element-cd956e2\" data-id=\"cd956e2\" data-element_type=\"column\">\n\t\t\t<div class=\"elementor-column-wrap elementor-element-populated\">\n\t\t\t\t\t\t\t<div class=\"elementor-widget-wrap\">\n\t\t\t\t\t\t<div class=\"elementor-element elementor-element-93484b8 elementor-position-top elementor-vertical-align-top elementor-widget elementor-widget-image-box\" data-id=\"93484b8\" data-element_type=\"widget\" data-widget_type=\"image-box.default\">\n\t\t\t\t<div class=\"elementor-widget-container\">\n\t\t\t<div class=\"elementor-image-box-wrapper\"><figure class=\"elementor-image-box-img\"><a href=\"https:\/\/www.rhinfo.com\/thematiques\/management\/les-managers-par-erreur\" target=\"_blank\"><img width=\"150\" height=\"150\" src=\"https:\/\/bestinclassexperience.com\/wp-content\/uploads\/2019\/10\/RH-info-150x150.png\" class=\"attachment-thumbnail size-thumbnail\" alt=\"\" loading=\"lazy\" \/><\/a><\/figure><div class=\"elementor-image-box-content\"><p class=\"elementor-image-box-description\">Les managers par erreur<\/p><\/div><\/div>\t\t<\/div>\n\t\t\t\t<\/div>\n\t\t\t\t\t\t<\/div>\n\t\t\t\t\t<\/div>\n\t\t<\/div>\n\t\t\t\t\t\t\t\t<\/div>\n\t\t\t\t\t<\/div>\n\t\t<\/section>\n\t\t\t\t<section class=\"elementor-section elementor-top-section elementor-element elementor-element-4c6f7b2 elementor-section-boxed elementor-section-height-default elementor-section-height-default\" data-id=\"4c6f7b2\" data-element_type=\"section\">\n\t\t\t\t\t\t<div class=\"elementor-container elementor-column-gap-default\">\n\t\t\t\t\t\t\t<div class=\"elementor-row\">\n\t\t\t\t\t<div class=\"elementor-column elementor-col-100 elementor-top-column elementor-element elementor-element-ebd1aeb\" data-id=\"ebd1aeb\" data-element_type=\"column\">\n\t\t\t<div class=\"elementor-column-wrap elementor-element-populated\">\n\t\t\t\t\t\t\t<div class=\"elementor-widget-wrap\">\n\t\t\t\t\t\t<div class=\"elementor-element elementor-element-19740f7 elementor-widget-divider--view-line elementor-widget elementor-widget-divider\" data-id=\"19740f7\" data-element_type=\"widget\" data-widget_type=\"divider.default\">\n\t\t\t\t<div class=\"elementor-widget-container\">\n\t\t\t\t\t<div class=\"elementor-divider\">\n\t\t\t<span class=\"elementor-divider-separator\">\n\t\t\t\t\t\t<\/span>\n\t\t<\/div>\n\t\t\t\t<\/div>\n\t\t\t\t<\/div>\n\t\t\t\t\t\t<\/div>\n\t\t\t\t\t<\/div>\n\t\t<\/div>\n\t\t\t\t\t\t\t\t<\/div>\n\t\t\t\t\t<\/div>\n\t\t<\/section>\n\t\t\t\t<section class=\"elementor-section elementor-top-section elementor-element elementor-element-785791f elementor-section-boxed elementor-section-height-default elementor-section-height-default\" data-id=\"785791f\" data-element_type=\"section\">\n\t\t\t\t\t\t<div class=\"elementor-container elementor-column-gap-default\">\n\t\t\t\t\t\t\t<div class=\"elementor-row\">\n\t\t\t\t\t<div class=\"elementor-column elementor-col-100 elementor-top-column elementor-element elementor-element-9999219\" data-id=\"9999219\" data-element_type=\"column\">\n\t\t\t<div class=\"elementor-column-wrap elementor-element-populated\">\n\t\t\t\t\t\t\t<div class=\"elementor-widget-wrap\">\n\t\t\t\t\t\t<div class=\"elementor-element elementor-element-961156e elementor-position-top elementor-vertical-align-top elementor-widget elementor-widget-image-box\" data-id=\"961156e\" data-element_type=\"widget\" data-widget_type=\"image-box.default\">\n\t\t\t\t<div class=\"elementor-widget-container\">\n\t\t\t<div class=\"elementor-image-box-wrapper\"><figure class=\"elementor-image-box-img\"><a href=\"https:\/\/www.airofmelty.fr\/l-onboarding-un-enjeu-capital-pour-collaborer-avec-les-millennials-a694184.html\" target=\"_blank\"><img width=\"150\" height=\"150\" src=\"https:\/\/bestinclassexperience.com\/wp-content\/uploads\/2019\/10\/Air-of-Melty-150x150.png\" class=\"attachment-thumbnail size-thumbnail\" alt=\"\" loading=\"lazy\" \/><\/a><\/figure><div class=\"elementor-image-box-content\"><p class=\"elementor-image-box-description\">L'onboarding, un enjeu capital pour collaborer avec les Millennials<\/p><\/div><\/div>\t\t<\/div>\n\t\t\t\t<\/div>\n\t\t\t\t\t\t<\/div>\n\t\t\t\t\t<\/div>\n\t\t<\/div>\n\t\t\t\t\t\t\t\t<\/div>\n\t\t\t\t\t<\/div>\n\t\t<\/section>\n\t\t\t\t\t\t<\/div>\n\t\t\t\t\t\t<\/div>\n\t\t\t\t\t<\/div>\n\t\t","protected":false},"excerpt":{"rendered":"<p>La face cach\u00e9e de l&#8217;exp\u00e9rience collaborateur Les salari\u00e9s ne se sentent pas assez \u00e9cout\u00e9s par leur employeur Miser sur l\u2019onboarding, une strat\u00e9gie gagnante pour optimiser l\u2019exp\u00e9rience collaborateur Entre burn-out et accomplissement, l\u2019expe\u0301rience manager est plurielle Les managers par erreur L&#8217;onboarding, un enjeu capital pour collaborer avec les Millennials<\/p>\n","protected":false},"author":1,"featured_media":0,"parent":0,"menu_order":0,"comment_status":"closed","ping_status":"closed","template":"","meta":[],"_links":{"self":[{"href":"https:\/\/bestinclassexperience.com\/index.php\/wp-json\/wp\/v2\/pages\/640"}],"collection":[{"href":"https:\/\/bestinclassexperience.com\/index.php\/wp-json\/wp\/v2\/pages"}],"about":[{"href":"https:\/\/bestinclassexperience.com\/index.php\/wp-json\/wp\/v2\/types\/page"}],"author":[{"embeddable":true,"href":"https:\/\/bestinclassexperience.com\/index.php\/wp-json\/wp\/v2\/users\/1"}],"replies":[{"embeddable":true,"href":"https:\/\/bestinclassexperience.com\/index.php\/wp-json\/wp\/v2\/comments?post=640"}],"version-history":[{"count":31,"href":"https:\/\/bestinclassexperience.com\/index.php\/wp-json\/wp\/v2\/pages\/640\/revisions"}],"predecessor-version":[{"id":1077,"href":"https:\/\/bestinclassexperience.com\/index.php\/wp-json\/wp\/v2\/pages\/640\/revisions\/1077"}],"wp:attachment":[{"href":"https:\/\/bestinclassexperience.com\/index.php\/wp-json\/wp\/v2\/media?parent=640"}],"curies":[{"name":"wp","href":"https:\/\/api.w.org\/{rel}","templated":true}]}}