{"id":709,"date":"2020-05-05T17:04:38","date_gmt":"2020-05-05T15:04:38","guid":{"rendered":"https:\/\/bestinclassexperience.com\/?page_id=709"},"modified":"2020-09-22T18:20:38","modified_gmt":"2020-09-22T16:20:38","slug":"net-remote-score","status":"publish","type":"page","link":"https:\/\/bestinclassexperience.com\/index.php\/net-remote-score\/","title":{"rendered":"Net Remote Score"},"content":{"rendered":"\t\t<div data-elementor-type=\"wp-post\" data-elementor-id=\"709\" class=\"elementor elementor-709\" data-elementor-settings=\"[]\">\n\t\t\t\t\t\t<div class=\"elementor-inner\">\n\t\t\t\t\t\t\t<div class=\"elementor-section-wrap\">\n\t\t\t\t\t\t\t<section class=\"elementor-section elementor-top-section elementor-element elementor-element-9c9c1b1 elementor-section-boxed elementor-section-height-default elementor-section-height-default\" data-id=\"9c9c1b1\" data-element_type=\"section\" data-settings=\"{&quot;background_background&quot;:&quot;gradient&quot;}\">\n\t\t\t\t\t\t\t<div class=\"elementor-background-overlay\"><\/div>\n\t\t\t\t\t\t\t<div class=\"elementor-container elementor-column-gap-default\">\n\t\t\t\t\t\t\t<div class=\"elementor-row\">\n\t\t\t\t\t<div class=\"elementor-column elementor-col-100 elementor-top-column elementor-element elementor-element-f14a28f\" data-id=\"f14a28f\" data-element_type=\"column\">\n\t\t\t<div class=\"elementor-column-wrap elementor-element-populated\">\n\t\t\t\t\t\t\t<div class=\"elementor-widget-wrap\">\n\t\t\t\t\t\t<div class=\"elementor-element elementor-element-48e9724 elementor-widget elementor-widget-heading\" data-id=\"48e9724\" data-element_type=\"widget\" data-widget_type=\"heading.default\">\n\t\t\t\t<div class=\"elementor-widget-container\">\n\t\t\t<h1 class=\"elementor-heading-title elementor-size-default\"><b>T\u00e9l\u00e9travail<br><\/b>Le temps du Diagnostic<\/h1>\t\t<\/div>\n\t\t\t\t<\/div>\n\t\t\t\t<div class=\"elementor-element elementor-element-92fac25 elementor-widget elementor-widget-text-editor\" data-id=\"92fac25\" data-element_type=\"widget\" data-widget_type=\"text-editor.default\">\n\t\t\t\t<div class=\"elementor-widget-container\">\n\t\t\t\t\t\t\t\t<div class=\"elementor-text-editor elementor-clearfix\">\n\t\t\t\t\t<p class=\"p1\"><span class=\"s1\">Le t\u00e9l\u00e9travail occupe une place de plus en plus strat\u00e9gique<\/span><\/p><p class=\"p1\"><span class=\"s1\">et vous pensez qu&#8217;\u00e0 grande \u00e9chelle il g\u00e9n\u00e8re de nouveaux risques <\/span><\/p><p class=\"p1\"><span class=\"s1\">en termes de motivation, de coh\u00e9sion des \u00e9quipes ou de productivit\u00e9<\/span><\/p>\t\t\t\t\t<\/div>\n\t\t\t\t\t\t<\/div>\n\t\t\t\t<\/div>\n\t\t\t\t<div class=\"elementor-element elementor-element-fe5bfa4 elementor-align-center elementor-widget elementor-widget-button\" data-id=\"fe5bfa4\" data-element_type=\"widget\" data-widget_type=\"button.default\">\n\t\t\t\t<div class=\"elementor-widget-container\">\n\t\t\t\t\t<div class=\"elementor-button-wrapper\">\n\t\t\t<a href=\"https:\/\/webikeo.fr\/webinar\/experience-collaborateur-comprendre-et-reussir-vos-enjeux-lies-au-teletravail-1?channel_id=100016573\" target=\"_blank\" class=\"elementor-button-link elementor-button elementor-size-md\" role=\"button\">\n\t\t\t\t\t\t<span class=\"elementor-button-content-wrapper\">\n\t\t\t\t\t\t<span class=\"elementor-button-icon elementor-align-icon-right\">\n\t\t\t\t<i aria-hidden=\"true\" class=\"fas fa-long-arrow-alt-right\"><\/i>\t\t\t<\/span>\n\t\t\t\t\t\t<span class=\"elementor-button-text\">Voir le replay de notre webinar<\/span>\n\t\t<\/span>\n\t\t\t\t\t<\/a>\n\t\t<\/div>\n\t\t\t\t<\/div>\n\t\t\t\t<\/div>\n\t\t\t\t\t\t<\/div>\n\t\t\t\t\t<\/div>\n\t\t<\/div>\n\t\t\t\t\t\t\t\t<\/div>\n\t\t\t\t\t<\/div>\n\t\t<\/section>\n\t\t\t\t<section class=\"elementor-section elementor-top-section elementor-element elementor-element-634edd45 elementor-section-content-middle elementor-section-boxed elementor-section-height-default elementor-section-height-default\" data-id=\"634edd45\" data-element_type=\"section\">\n\t\t\t\t\t\t<div class=\"elementor-container elementor-column-gap-default\">\n\t\t\t\t\t\t\t<div class=\"elementor-row\">\n\t\t\t\t\t<div class=\"elementor-column elementor-col-50 elementor-top-column elementor-element elementor-element-5e52bce0\" data-id=\"5e52bce0\" data-element_type=\"column\">\n\t\t\t<div class=\"elementor-column-wrap elementor-element-populated\">\n\t\t\t\t\t\t\t<div class=\"elementor-widget-wrap\">\n\t\t\t\t\t\t<div class=\"elementor-element elementor-element-219c6642 elementor-widget elementor-widget-heading\" data-id=\"219c6642\" data-element_type=\"widget\" data-widget_type=\"heading.default\">\n\t\t\t\t<div class=\"elementor-widget-container\">\n\t\t\t<h2 class=\"elementor-heading-title elementor-size-default\">Une solution cl\u00e9-en-main pour \u00e9valuer le v\u00e9cu du t\u00e9l\u00e9travail<\/h2>\t\t<\/div>\n\t\t\t\t<\/div>\n\t\t\t\t<div class=\"elementor-element elementor-element-1e09d4b7 elementor-widget elementor-widget-text-editor\" data-id=\"1e09d4b7\" data-element_type=\"widget\" data-widget_type=\"text-editor.default\">\n\t\t\t\t<div class=\"elementor-widget-container\">\n\t\t\t\t\t\t\t\t<div class=\"elementor-text-editor elementor-clearfix\">\n\t\t\t\t\t<p class=\"p1\"><span class=\"s1\">Nous nous sommes appuy\u00e9s sur notre programme de recherche &lt; Best-in-Class Experience &gt; pour concevoir un dispositif innovant d\u2019\u00e9valuation&#8230;<\/span><\/p><p class=\"p1\"><span class=\"s1\">&#8230; et vous proposer un indicateur unique pour piloter le t\u00e9l\u00e9travail dans la dur\u00e9e: le Net Remote Score<\/span><\/p>\t\t\t\t\t<\/div>\n\t\t\t\t\t\t<\/div>\n\t\t\t\t<\/div>\n\t\t\t\t<div class=\"elementor-element elementor-element-2270d961 elementor-align-center elementor-widget elementor-widget-button\" data-id=\"2270d961\" data-element_type=\"widget\" data-widget_type=\"button.default\">\n\t\t\t\t<div class=\"elementor-widget-container\">\n\t\t\t\t\t<div class=\"elementor-button-wrapper\">\n\t\t\t<a href=\"https:\/\/augmentedtalent.typeform.com\/to\/j3aMTJ\" target=\"_blank\" class=\"elementor-button-link elementor-button elementor-size-md\" role=\"button\">\n\t\t\t\t\t\t<span class=\"elementor-button-content-wrapper\">\n\t\t\t\t\t\t<span class=\"elementor-button-icon elementor-align-icon-right\">\n\t\t\t\t<i aria-hidden=\"true\" class=\"fas fa-long-arrow-alt-right\"><\/i>\t\t\t<\/span>\n\t\t\t\t\t\t<span class=\"elementor-button-text\">Plus d'informations\n<\/span>\n\t\t<\/span>\n\t\t\t\t\t<\/a>\n\t\t<\/div>\n\t\t\t\t<\/div>\n\t\t\t\t<\/div>\n\t\t\t\t\t\t<\/div>\n\t\t\t\t\t<\/div>\n\t\t<\/div>\n\t\t\t\t<div class=\"elementor-column elementor-col-50 elementor-top-column elementor-element elementor-element-47b99b66\" data-id=\"47b99b66\" data-element_type=\"column\">\n\t\t\t<div class=\"elementor-column-wrap elementor-element-populated\">\n\t\t\t\t\t\t\t<div class=\"elementor-widget-wrap\">\n\t\t\t\t\t\t<div class=\"elementor-element elementor-element-f6870a3 elementor-widget elementor-widget-image\" data-id=\"f6870a3\" data-element_type=\"widget\" data-widget_type=\"image.default\">\n\t\t\t\t<div class=\"elementor-widget-container\">\n\t\t\t\t\t\t\t\t<div class=\"elementor-image\">\n\t\t\t\t\t\t\t\t\t\t\t\t<img width=\"1024\" height=\"888\" src=\"https:\/\/bestinclassexperience.com\/wp-content\/uploads\/2020\/05\/Dashboard-1024x888.png\" class=\"attachment-large size-large\" alt=\"\" loading=\"lazy\" srcset=\"https:\/\/bestinclassexperience.com\/wp-content\/uploads\/2020\/05\/Dashboard-1024x888.png 1024w, https:\/\/bestinclassexperience.com\/wp-content\/uploads\/2020\/05\/Dashboard-300x260.png 300w, https:\/\/bestinclassexperience.com\/wp-content\/uploads\/2020\/05\/Dashboard-768x666.png 768w, https:\/\/bestinclassexperience.com\/wp-content\/uploads\/2020\/05\/Dashboard.png 1066w\" sizes=\"(max-width: 1024px) 100vw, 1024px\" \/>\t\t\t\t\t\t\t\t\t\t\t\t\t\t<\/div>\n\t\t\t\t\t\t<\/div>\n\t\t\t\t<\/div>\n\t\t\t\t\t\t<\/div>\n\t\t\t\t\t<\/div>\n\t\t<\/div>\n\t\t\t\t\t\t\t\t<\/div>\n\t\t\t\t\t<\/div>\n\t\t<\/section>\n\t\t\t\t\t\t<\/div>\n\t\t\t\t\t\t<\/div>\n\t\t\t\t\t<\/div>\n\t\t","protected":false},"excerpt":{"rendered":"<p>T\u00e9l\u00e9travail Le temps du Diagnostic Le t\u00e9l\u00e9travail occupe une place de plus en plus strat\u00e9gique et vous pensez qu&#8217;\u00e0 grande \u00e9chelle il g\u00e9n\u00e8re de nouveaux risques en termes de motivation, de coh\u00e9sion des \u00e9quipes ou de productivit\u00e9 Voir le replay de notre webinar Une solution cl\u00e9-en-main pour \u00e9valuer le v\u00e9cu du t\u00e9l\u00e9travail Nous nous sommes [&hellip;]<\/p>\n","protected":false},"author":1,"featured_media":0,"parent":0,"menu_order":0,"comment_status":"closed","ping_status":"closed","template":"","meta":[],"_links":{"self":[{"href":"https:\/\/bestinclassexperience.com\/index.php\/wp-json\/wp\/v2\/pages\/709"}],"collection":[{"href":"https:\/\/bestinclassexperience.com\/index.php\/wp-json\/wp\/v2\/pages"}],"about":[{"href":"https:\/\/bestinclassexperience.com\/index.php\/wp-json\/wp\/v2\/types\/page"}],"author":[{"embeddable":true,"href":"https:\/\/bestinclassexperience.com\/index.php\/wp-json\/wp\/v2\/users\/1"}],"replies":[{"embeddable":true,"href":"https:\/\/bestinclassexperience.com\/index.php\/wp-json\/wp\/v2\/comments?post=709"}],"version-history":[{"count":19,"href":"https:\/\/bestinclassexperience.com\/index.php\/wp-json\/wp\/v2\/pages\/709\/revisions"}],"predecessor-version":[{"id":873,"href":"https:\/\/bestinclassexperience.com\/index.php\/wp-json\/wp\/v2\/pages\/709\/revisions\/873"}],"wp:attachment":[{"href":"https:\/\/bestinclassexperience.com\/index.php\/wp-json\/wp\/v2\/media?parent=709"}],"curies":[{"name":"wp","href":"https:\/\/api.w.org\/{rel}","templated":true}]}}